{"id":775,"date":"2023-04-11T16:53:59","date_gmt":"2023-04-11T16:53:59","guid":{"rendered":"https:\/\/v2.casadelespanol.com\/?page_id=775"},"modified":"2024-06-21T16:22:29","modified_gmt":"2024-06-21T15:22:29","slug":"clases-virtuales","status":"publish","type":"page","link":"https:\/\/casadelespanol.com\/es\/clases-virtuales\/","title":{"rendered":"Clases virtuales"},"content":{"rendered":"\t\t<div data-elementor-type=\"wp-page\" data-elementor-id=\"775\" class=\"elementor elementor-775\" data-elementor-post-type=\"page\">\n\t\t\t\t\t\t<section class=\"elementor-section elementor-top-section elementor-element elementor-element-ff6b45e elementor-section-content-middle elementor-section-full_width elementor-section-height-min-height elementor-section-items-stretch elementor-section-height-default\" data-id=\"ff6b45e\" data-element_type=\"section\">\n\t\t\t\t\t\t<div class=\"elementor-container elementor-column-gap-no\">\n\t\t\t\t\t<div class=\"elementor-column elementor-col-50 elementor-top-column elementor-element elementor-element-7bb4851\" data-id=\"7bb4851\" data-element_type=\"column\" data-settings=\"{&quot;background_background&quot;:&quot;classic&quot;}\">\n\t\t\t<div class=\"elementor-widget-wrap elementor-element-populated\">\n\t\t\t\t\t<div class=\"elementor-background-overlay\"><\/div>\n\t\t\t\t\t\t<div class=\"elementor-element elementor-element-981a523 elementor-widget elementor-widget-heading\" data-id=\"981a523\" data-element_type=\"widget\" data-widget_type=\"heading.default\">\n\t\t\t\t<div class=\"elementor-widget-container\">\n\t\t\t\t\t<h1 class=\"elementor-heading-title elementor-size-default\">Clases virtuales <\/h1>\t\t\t\t<\/div>\n\t\t\t\t<\/div>\n\t\t\t\t<div class=\"elementor-element elementor-element-f08ab02 elementor-widget-divider--view-line elementor-widget elementor-widget-divider\" data-id=\"f08ab02\" data-element_type=\"widget\" data-widget_type=\"divider.default\">\n\t\t\t\t<div class=\"elementor-widget-container\">\n\t\t\t\t\t\t\t<div class=\"elementor-divider\">\n\t\t\t<span class=\"elementor-divider-separator\">\n\t\t\t\t\t\t<\/span>\n\t\t<\/div>\n\t\t\t\t\t\t<\/div>\n\t\t\t\t<\/div>\n\t\t\t\t<div class=\"elementor-element elementor-element-9f0ff3a elementor-widget elementor-widget-text-editor\" data-id=\"9f0ff3a\" data-element_type=\"widget\" data-widget_type=\"text-editor.default\">\n\t\t\t\t<div class=\"elementor-widget-container\">\n\t\t\t\t\t\t\t\t\t<p>En La Casa del Espa\u00f1ol\u00a0 <b>queremos continuar al lado de nuestros estudiantes<\/b>, conscientes de la importancia de<b>\u00a0no interrumpir su plan de formaci\u00f3n<\/b>\u00a0en espa\u00f1ol.<\/p>\t\t\t\t\t\t\t\t<\/div>\n\t\t\t\t<\/div>\n\t\t\t\t<div class=\"elementor-element elementor-element-e1d72cf elementor-widget elementor-widget-button\" data-id=\"e1d72cf\" data-element_type=\"widget\" data-widget_type=\"button.default\">\n\t\t\t\t<div class=\"elementor-widget-container\">\n\t\t\t\t\t\t\t\t\t<div class=\"elementor-button-wrapper\">\n\t\t\t\t\t<a class=\"elementor-button elementor-button-link elementor-size-sm\" href=\"https:\/\/casadelespanol.com\/contactar\/\">\n\t\t\t\t\t\t<span class=\"elementor-button-content-wrapper\">\n\t\t\t\t\t\t\t\t\t<span class=\"elementor-button-text\">m\u00e1s informaci\u00f3n<\/span>\n\t\t\t\t\t<\/span>\n\t\t\t\t\t<\/a>\n\t\t\t\t<\/div>\n\t\t\t\t\t\t\t\t<\/div>\n\t\t\t\t<\/div>\n\t\t\t\t\t<\/div>\n\t\t<\/div>\n\t\t\t\t<div class=\"elementor-column elementor-col-50 elementor-top-column elementor-element elementor-element-567bd5b\" data-id=\"567bd5b\" data-element_type=\"column\" data-settings=\"{&quot;background_background&quot;:&quot;classic&quot;}\">\n\t\t\t<div class=\"elementor-widget-wrap elementor-element-populated\">\n\t\t\t\t\t\t<div class=\"elementor-element elementor-element-b404cae elementor-widget elementor-widget-menu-anchor\" data-id=\"b404cae\" data-element_type=\"widget\" data-widget_type=\"menu-anchor.default\">\n\t\t\t\t<div class=\"elementor-widget-container\">\n\t\t\t\t\t\t\t<div class=\"elementor-menu-anchor\" id=\"virtuales\"><\/div>\n\t\t\t\t\t\t<\/div>\n\t\t\t\t<\/div>\n\t\t\t\t<div class=\"elementor-element elementor-element-fec4609 elementor-widget elementor-widget-text-editor\" data-id=\"fec4609\" data-element_type=\"widget\" data-widget_type=\"text-editor.default\">\n\t\t\t\t<div class=\"elementor-widget-container\">\n\t\t\t\t\t\t\t\t\t<p class=\"p1\">Nos ponemos a tu disposici\u00f3n para ofrecerte una\u00a0<b>mayor flexibilidad y personalizaci\u00f3n<\/b>\u00a0en el aprendizaje del espa\u00f1ol:<\/p><ul class=\"ul1\"><li class=\"li2\">Clases <strong>individuales.<\/strong><\/li><li class=\"li2\"><span class=\"s1\">Dinos cu\u00e1les son tus\u00a0<b>objetivos<\/b>\u00a0y tu\u00a0<b>disponibilidad.<\/b><\/span><\/li><li class=\"li2\"><span class=\"s1\">En La Casa del Espa\u00f1ol prepararemos tu\u00a0<b>plan de formaci\u00f3n<\/b>.<\/span><\/li><\/ul><p class=\"p1\">Antes de comenzar, y como es habitual, realizar\u00e1s una\u00a0<b>prueba de nivel<\/b>, para adaptarnos y\u00a0<b>fijar los objetivos<\/b>\u00a0de aprendizaje.<\/p><p class=\"p1\">Te asignaremos uno de nuestros profesores nativos, expertos en la ense\u00f1anza del espa\u00f1ol y con experiencia acreditada. Las clases se realizar\u00e1n a trav\u00e9s de la plataforma\u00a0<i>Zoom\u00a0<\/i>o<i>\u00a0Skype<\/i>, mientras que las tareas se enviar\u00e1n y corregir\u00e1n por email, con lo que\u00a0<b>el contacto y comunicaci\u00f3n con tu profesor ser\u00e1n constantes<\/b>.<\/p>\t\t\t\t\t\t\t\t<\/div>\n\t\t\t\t<\/div>\n\t\t\t\t\t<\/div>\n\t\t<\/div>\n\t\t\t\t\t<\/div>\n\t\t<\/section>\n\t\t\t\t<\/div>\n\t\t","protected":false},"excerpt":{"rendered":"<p>Clases virtuales En La Casa del Espa\u00f1ol\u00a0 queremos continuar al lado de nuestros estudiantes, conscientes de la importancia de\u00a0no interrumpir su plan de formaci\u00f3n\u00a0en espa\u00f1ol. m\u00e1s informaci\u00f3n Nos ponemos a tu disposici\u00f3n para ofrecerte una\u00a0mayor flexibilidad y personalizaci\u00f3n\u00a0en el aprendizaje del espa\u00f1ol: Clases individuales. Dinos cu\u00e1les son tus\u00a0objetivos\u00a0y tu\u00a0disponibilidad. En La Casa del Espa\u00f1ol prepararemos [&hellip;]<\/p>\n","protected":false},"author":1,"featured_media":0,"parent":0,"menu_order":0,"comment_status":"closed","ping_status":"closed","template":"","meta":{"site-sidebar-layout":"no-sidebar","site-content-layout":"page-builder","ast-site-content-layout":"","site-content-style":"default","site-sidebar-style":"default","ast-global-header-display":"","ast-banner-title-visibility":"","ast-main-header-display":"","ast-hfb-above-header-display":"","ast-hfb-below-header-display":"","ast-hfb-mobile-header-display":"","site-post-title":"disabled","ast-breadcrumbs-content":"","ast-featured-img":"disabled","footer-sml-layout":"","theme-transparent-header-meta":"","adv-header-id-meta":"","stick-header-meta":"","header-above-stick-meta":"","header-main-stick-meta":"","header-below-stick-meta":"","astra-migrate-meta-layouts":"default","ast-page-background-enabled":"default","ast-page-background-meta":{"desktop":{"background-color":"var(--ast-global-color-4)","background-image":"","background-repeat":"repeat","background-position":"center center","background-size":"auto","background-attachment":"scroll","background-type":"","background-media":"","overlay-type":"","overlay-color":"","overlay-opacity":"","overlay-gradient":""},"tablet":{"background-color":"","background-image":"","background-repeat":"repeat","background-position":"center center","background-size":"auto","background-attachment":"scroll","background-type":"","background-media":"","overlay-type":"","overlay-color":"","overlay-opacity":"","overlay-gradient":""},"mobile":{"background-color":"","background-image":"","background-repeat":"repeat","background-position":"center center","background-size":"auto","background-attachment":"scroll","background-type":"","background-media":"","overlay-type":"","overlay-color":"","overlay-opacity":"","overlay-gradient":""}},"ast-content-background-meta":{"desktop":{"background-color":"var(--ast-global-color-5)","background-image":"","background-repeat":"repeat","background-position":"center center","background-size":"auto","background-attachment":"scroll","background-type":"","background-media":"","overlay-type":"","overlay-color":"","overlay-opacity":"","overlay-gradient":""},"tablet":{"background-color":"var(--ast-global-color-5)","background-image":"","background-repeat":"repeat","background-position":"center center","background-size":"auto","background-attachment":"scroll","background-type":"","background-media":"","overlay-type":"","overlay-color":"","overlay-opacity":"","overlay-gradient":""},"mobile":{"background-color":"var(--ast-global-color-5)","background-image":"","background-repeat":"repeat","background-position":"center center","background-size":"auto","background-attachment":"scroll","background-type":"","background-media":"","overlay-type":"","overlay-color":"","overlay-opacity":"","overlay-gradient":""}},"footnotes":""},"class_list":["post-775","page","type-page","status-publish","hentry"],"_links":{"self":[{"href":"https:\/\/casadelespanol.com\/es\/wp-json\/wp\/v2\/pages\/775","targetHints":{"allow":["GET"]}}],"collection":[{"href":"https:\/\/casadelespanol.com\/es\/wp-json\/wp\/v2\/pages"}],"about":[{"href":"https:\/\/casadelespanol.com\/es\/wp-json\/wp\/v2\/types\/page"}],"author":[{"embeddable":true,"href":"https:\/\/casadelespanol.com\/es\/wp-json\/wp\/v2\/users\/1"}],"replies":[{"embeddable":true,"href":"https:\/\/casadelespanol.com\/es\/wp-json\/wp\/v2\/comments?post=775"}],"version-history":[{"count":22,"href":"https:\/\/casadelespanol.com\/es\/wp-json\/wp\/v2\/pages\/775\/revisions"}],"predecessor-version":[{"id":2136,"href":"https:\/\/casadelespanol.com\/es\/wp-json\/wp\/v2\/pages\/775\/revisions\/2136"}],"wp:attachment":[{"href":"https:\/\/casadelespanol.com\/es\/wp-json\/wp\/v2\/media?parent=775"}],"curies":[{"name":"wp","href":"https:\/\/api.w.org\/{rel}","templated":true}]}}