{"id":159,"date":"2023-03-16T16:10:59","date_gmt":"2023-03-16T16:10:59","guid":{"rendered":"https:\/\/v2.casadelespanol.com\/?page_id=159"},"modified":"2025-07-01T11:37:45","modified_gmt":"2025-07-01T10:37:45","slug":"condiciones-generales","status":"publish","type":"page","link":"https:\/\/casadelespanol.com\/es\/condiciones-generales\/","title":{"rendered":"Condiciones generales"},"content":{"rendered":"\t\t<div data-elementor-type=\"wp-page\" data-elementor-id=\"159\" class=\"elementor elementor-159\" data-elementor-post-type=\"page\">\n\t\t\t\t\t\t<section class=\"elementor-section elementor-top-section elementor-element elementor-element-1afb0b7 elementor-section-boxed elementor-section-height-default elementor-section-height-default\" data-id=\"1afb0b7\" data-element_type=\"section\">\n\t\t\t\t\t\t<div class=\"elementor-container elementor-column-gap-default\">\n\t\t\t\t\t<div class=\"elementor-column elementor-col-100 elementor-top-column elementor-element elementor-element-97ffc12\" data-id=\"97ffc12\" data-element_type=\"column\">\n\t\t\t<div class=\"elementor-widget-wrap elementor-element-populated\">\n\t\t\t\t\t\t<div class=\"elementor-element elementor-element-4ef4062 elementor-widget elementor-widget-heading\" data-id=\"4ef4062\" data-element_type=\"widget\" data-widget_type=\"heading.default\">\n\t\t\t\t<div class=\"elementor-widget-container\">\n\t\t\t\t\t<h2 class=\"elementor-heading-title elementor-size-default\">Matr\u00edcula, pagos y cancelaciones<\/h2>\t\t\t\t<\/div>\n\t\t\t\t<\/div>\n\t\t\t\t<div class=\"elementor-element elementor-element-3159da2 elementor-widget elementor-widget-text-editor\" data-id=\"3159da2\" data-element_type=\"widget\" data-widget_type=\"text-editor.default\">\n\t\t\t\t<div class=\"elementor-widget-container\">\n\t\t\t\t\t\t\t\t\t<p><strong>Matr\u00edcula<\/strong><\/p>\n<ul>\n<li>La matr\u00edcula en el centro supone la aceptaci\u00f3n de las condiciones generales. Ante cualquier duda, consultar previamente con el Centro. \u00c9ste se reserva el derecho a la \u00faltima decisi\u00f3n, e informar\u00e1 de las decisiones tomadas sobre los puntos en cuesti\u00f3n con antelaci\u00f3n.<\/li>\n<li>Para matricularse en un curso, ser\u00e1 necesario formalizar la misma por e-mail, correo o fax. Para realizar la reserva ser\u00e1 necesario realizar un dep\u00f3sito de 75\u20ac. Este dep\u00f3sito no es un coste adicional.<\/li>\n<li>Una vez formalizada la matr\u00edcula, recibir\u00e1s una confirmaci\u00f3n de tu curso y alojamiento, informaci\u00f3n detallada y la factura de tu reserva. Las matr\u00edculas en el \u00faltimo momento depender\u00e1n de la disponibilidad de grupos y de familias.<\/li>\n<\/ul>\n<p><strong>Pagos<\/strong><\/p>\n<ul>\n<li>El pago total del curso debe realizarse antes del comienzo del curso, o en los tres primeros d\u00edas de este.<\/li>\n<li>El dep\u00f3sito y el pago total del curso pueden hacerse por Transferencia Bancaria, indicando tu nombre a:LA CASA DEL ESPA\u00d1OL \u2013 CENTRO LING\u00dc\u00cdSTICO-CULTURAL. L\u00f3pez G\u00f3mez 18, 2\u00ba. 47002 \u2013 Valladolid. ES41.0182.6550.4102.0164.4500<br>Todas las comisiones bancarias ser\u00e1n abonadas por el solicitante. La cantidad real recibida por la Casa del Espa\u00f1ol se mostrar\u00e1 en el correspondiente recibo bancario. Efectivo en la oficina de la escuela, al inicio del curso.<\/li>\n<li>La factura se realizar\u00e1 aplicando los precios publicados en el a\u00f1o en curso. Cualquier error en la factura, e-mail o carta ser\u00e1 corregido.<\/li>\n<\/ul>\n<p><strong>Cancelaciones<\/strong><\/p>\n<ul>\n<li>Cuando la cancelaci\u00f3n se comunique con al menos 15 d\u00edas antes del inicio de curso, el precio total del curso ser\u00e1 devuelto, excepto los 75\u20ac del dep\u00f3sito. El dep\u00f3sito podr\u00e1 ser usado como tal por el mismo estudiante para otro curso que empiece durante los dos a\u00f1os siguientes.<\/li>\n<li>Cuando la cancelaci\u00f3n se comunique durante los 15 d\u00edas anteriores a la fecha de inicio de curso, el estudiante deber\u00e1 pagar una semana de curso y alojamiento. La diferencia con la cantidad pagada ser\u00e1 devuelta por transferencia bancaria.<\/li>\n<li>Una vez comenzado el curso, no se permite la cancelaci\u00f3n total o parcial del curso. Si el curso todav\u00eda no se ha abonado, el estudiante deber\u00e1 pagar el curso completo. El Centro le dar\u00e1 la posibilidad de posponer el curso para otro momento, y para certificarlo, el estudiante recibir\u00e1 un documento firmado, sellado y transferible. Con respecto al alojamiento, el estudiante deber\u00e1 pagar 1 semana.<\/li>\n<\/ul>\t\t\t\t\t\t\t\t<\/div>\n\t\t\t\t<\/div>\n\t\t\t\t<div class=\"elementor-element elementor-element-8de34bd elementor-widget elementor-widget-heading\" data-id=\"8de34bd\" data-element_type=\"widget\" data-widget_type=\"heading.default\">\n\t\t\t\t<div class=\"elementor-widget-container\">\n\t\t\t\t\t<h2 class=\"elementor-heading-title elementor-size-default\">Alojamiento en familia<\/h2>\t\t\t\t<\/div>\n\t\t\t\t<\/div>\n\t\t\t\t<div class=\"elementor-element elementor-element-85c6f79 elementor-widget elementor-widget-text-editor\" data-id=\"85c6f79\" data-element_type=\"widget\" data-widget_type=\"text-editor.default\">\n\t\t\t\t<div class=\"elementor-widget-container\">\n\t\t\t\t\t\t\t\t\t<ul><li>El alojamiento va desde el primer domingo antes del inicio del curso hasta el s\u00e1bado de la \u00faltima semana de estancia. Llegar antes o salir despu\u00e9s de estas fechas deber\u00e1 ser solicitado y aprobado por el Centro con un coste adicional de 23,00 Euros por d\u00eda (tarifa 2009).<\/li><li>El precio del alojamiento en familia incluye s\u00e1banas, mantas y toallas. Tambi\u00e9n incluye electricidad, gas, agua, calefacci\u00f3n, recibo de la comunidad y servicio de lavander\u00eda (una vez a la semana m\u00ednimo). El r\u00e9gimen ser\u00e1 de pensi\u00f3n completa.<\/li><li>Toda la responsabilidad en relaci\u00f3n con las familias espa\u00f1olas contratadas para el alojamiento ser\u00e1 del Centro y toda queja, ampliaci\u00f3n u otra cuesti\u00f3n relacionada con la estancia en familias ser\u00e1 canalizada a trav\u00e9s del Centro.<\/li><li>El cambio de familia ser\u00e1 posible con la aprobaci\u00f3n del Centro. El Centro evaluar\u00e1 las motivaciones del cambio y propondr\u00e1 una familia alternativa en el plazo m\u00e1ximo de una semana.<\/li><li>Los pagos a las familias se realizar\u00e1n a trav\u00e9s del Centro. Cualquier ampliaci\u00f3n debe ser solicitada y aceptada por el Centro.<\/li><\/ul>\t\t\t\t\t\t\t\t<\/div>\n\t\t\t\t<\/div>\n\t\t\t\t<div class=\"elementor-element elementor-element-bf9b9d2 elementor-widget elementor-widget-heading\" data-id=\"bf9b9d2\" data-element_type=\"widget\" data-widget_type=\"heading.default\">\n\t\t\t\t<div class=\"elementor-widget-container\">\n\t\t\t\t\t<h2 class=\"elementor-heading-title elementor-size-default\">D\u00edas sin academia<\/h2>\t\t\t\t<\/div>\n\t\t\t\t<\/div>\n\t\t\t\t<div class=\"elementor-element elementor-element-025f08f elementor-widget elementor-widget-text-editor\" data-id=\"025f08f\" data-element_type=\"widget\" data-widget_type=\"text-editor.default\">\n\t\t\t\t<div class=\"elementor-widget-container\">\n\t\t\t\t\t\t\t\t\t<p>1 de enero, 6 de enero, 1 y 13 de mayo,\u00a0 15 de agosto, 8 de septiembre, 12 de octubre, 1 de noviembre, 6, 8 y 25 de diciembre.<\/p><p>Consulta nuestras\u00a0<a title=\"Condiciones generales\" href=\"https:\/\/casadelespanol.com\/es\/precios\/condiciones-generales\/\">Condiciones Generales<\/a>\u00a0y\u00a0<a title=\"Precios\" href=\"https:\/\/casadelespanol.com\/es\/cursos-y-precios\/\">Precios<\/a>.<\/p>\t\t\t\t\t\t\t\t<\/div>\n\t\t\t\t<\/div>\n\t\t\t\t<div class=\"elementor-element elementor-element-d1dcca1 elementor-widget elementor-widget-heading\" data-id=\"d1dcca1\" data-element_type=\"widget\" data-widget_type=\"heading.default\">\n\t\t\t\t<div class=\"elementor-widget-container\">\n\t\t\t\t\t<h2 class=\"elementor-heading-title elementor-size-default\">Cursos<\/h2>\t\t\t\t<\/div>\n\t\t\t\t<\/div>\n\t\t\t\t<div class=\"elementor-element elementor-element-1b290e7 elementor-widget elementor-widget-text-editor\" data-id=\"1b290e7\" data-element_type=\"widget\" data-widget_type=\"text-editor.default\">\n\t\t\t\t<div class=\"elementor-widget-container\">\n\t\t\t\t\t\t\t\t\t<p><strong>Distribuci\u00f3n de niveles<\/strong><\/p><ul><li>La distribuci\u00f3n de cursos y niveles es responsabilidad del Centro, quien, tras la prueba inicial de nivel, entrevista y necesidades ling\u00fc\u00edsticas del estudiante, tomar\u00e1 la decisi\u00f3n para ubicarlo. Los niveles y la distribuci\u00f3n se determinar\u00e1n el primer lunes de curso despu\u00e9s de la entrevista y la prueba de nivel \u2013 esto quiere decir que el estudiante comenzar\u00e1 el curso, en su nivel adecuado a las 10:00 de esa misma ma\u00f1ana.<\/li><li>El criterio que justifique estas decisiones ser\u00e1 estrictamente acad\u00e9mico. El n\u00famero m\u00e1ximo de estudiantes por grupo ser\u00e1 8.<\/li><li>El Centro establece asimismo un n\u00famero m\u00ednimo de estudiantes en un grupo y podr\u00eda ocurrir que un grupo constara s\u00f3lo de 1 estudiante. En ese caso, el estudiante que haya contratado un curso intensivo recibir\u00e1 la mitad de las clases reservadas en clases privadas, y la otra mitad con el grupo de nivel m\u00e1s pr\u00f3ximo \u2013 si es posible. En todo caso se negociar\u00e1 de manera individual con el estudiante para llegar a un acuerdo beneficioso para ambas partes.<\/li><\/ul><p><strong>Cambio de grupo<\/strong><\/p><ul><li>El estudiante que considere necesario un cambio de grupo, debe solicit\u00e1rselo a su profesor. Los profesores y el Jefe de Estudios decidir\u00e1n si el cambio es apropiado y\/o beneficioso para el estudiante.<\/li><\/ul><p><strong>Ampliaci\u00f3n de curso<\/strong><\/p><ul><li>La ampliaci\u00f3n de curso debe ser solicitada y aprobada por el Centro, que comunicar\u00e1 formalmente su decisi\u00f3n al estudiante en las 24 horas siguientes.<\/li><li>Si se amplia un curso, el precio ser\u00e1 calculado teniendo en cuenta el n\u00famero total de semanas; que en todo caso ser\u00e1 m\u00e1s barato que una nueva inscripci\u00f3n.<\/li><li>La asistencia a un curso va del primer lunes al viernes de la \u00faltima semana de estancia. La recuperaci\u00f3n gratuita de d\u00edas perdidos ser\u00e1 considerada por la direcci\u00f3n, teniendo en cuenta todas las opciones disponibles.<\/li><\/ul><p><strong>Material did\u00e1ctico<\/strong><\/p><ul><li>El centro proporcionar\u00e1 el material necesario, incluyendo los libros de gram\u00e1tica y ejercicios que correspondan al nivel del estudiante. Todos los materiales did\u00e1cticos est\u00e1n incluidos para cursos intensivos en el precio. Para los cursos extensivos se pactar\u00e1 con el alumno la necesidad de material y este ser\u00e1 abonado por el alumno.<\/li><li>La matr\u00edcula tambi\u00e9n incluye acceso a todos los materiales disponibles en el Centro. Estos materiales son propiedad de la escuela y deber\u00e1n ser devueltos antes de terminar el curso. La salida de los materiales de las instalaciones del Centro deber\u00e1 ser comunicado al menos a 1 profesor del Centro.<\/li><li>El uso de los fondos de biblioteca y materiales debe hacerse de acuerdo a las condiciones de pr\u00e9stamos: es decir, est\u00e1 prohibido escribir en ellos; adem\u00e1s deben ser devueltos en las mismas condiciones en las que fueron prestados.<\/li><li>El Centro, en la medida de lo posible, facilitar\u00e1 la compra de la mayor\u00eda de los materiales si as\u00ed lo desea el estudiante.<\/li><\/ul><p><strong>Certificados<\/strong><\/p><ul><li>Al finalizar el curso, cada estudiante recibir\u00e1 un certificado de asistencia. Para obtener este certificado, ser\u00e1 necesario asistir al 90% como m\u00ednimo de las clases. Este derecho se perder\u00e1 si las faltas no justificadas superan el 10%.<\/li><li>El estudiante podr\u00e1 solicitar un certificado de nivel. Eso implicar\u00e1 la realizaci\u00f3n de ex\u00e1menes espec\u00edficos organizados por la direcci\u00f3n acad\u00e9mica de la escuela.<\/li><\/ul>\t\t\t\t\t\t\t\t<\/div>\n\t\t\t\t<\/div>\n\t\t\t\t\t<\/div>\n\t\t<\/div>\n\t\t\t\t\t<\/div>\n\t\t<\/section>\n\t\t\t\t<\/div>\n\t\t","protected":false},"excerpt":{"rendered":"<p>Matr\u00edcula, pagos y cancelaciones Matr\u00edcula La matr\u00edcula en el centro supone la aceptaci\u00f3n de las condiciones generales. Ante cualquier duda, consultar previamente con el Centro. \u00c9ste se reserva el derecho a la \u00faltima decisi\u00f3n, e informar\u00e1 de las decisiones tomadas sobre los puntos en cuesti\u00f3n con antelaci\u00f3n. Para matricularse en un curso, ser\u00e1 necesario formalizar [&hellip;]<\/p>\n","protected":false},"author":1,"featured_media":0,"parent":0,"menu_order":0,"comment_status":"closed","ping_status":"closed","template":"","meta":{"site-sidebar-layout":"no-sidebar","site-content-layout":"page-builder","ast-site-content-layout":"","site-content-style":"default","site-sidebar-style":"default","ast-global-header-display":"","ast-banner-title-visibility":"","ast-main-header-display":"","ast-hfb-above-header-display":"","ast-hfb-below-header-display":"","ast-hfb-mobile-header-display":"","site-post-title":"disabled","ast-breadcrumbs-content":"","ast-featured-img":"disabled","footer-sml-layout":"","theme-transparent-header-meta":"","adv-header-id-meta":"","stick-header-meta":"","header-above-stick-meta":"","header-main-stick-meta":"","header-below-stick-meta":"","astra-migrate-meta-layouts":"default","ast-page-background-enabled":"default","ast-page-background-meta":{"desktop":{"background-color":"var(--ast-global-color-4)","background-image":"","background-repeat":"repeat","background-position":"center center","background-size":"auto","background-attachment":"scroll","background-type":"","background-media":"","overlay-type":"","overlay-color":"","overlay-opacity":"","overlay-gradient":""},"tablet":{"background-color":"","background-image":"","background-repeat":"repeat","background-position":"center center","background-size":"auto","background-attachment":"scroll","background-type":"","background-media":"","overlay-type":"","overlay-color":"","overlay-opacity":"","overlay-gradient":""},"mobile":{"background-color":"","background-image":"","background-repeat":"repeat","background-position":"center center","background-size":"auto","background-attachment":"scroll","background-type":"","background-media":"","overlay-type":"","overlay-color":"","overlay-opacity":"","overlay-gradient":""}},"ast-content-background-meta":{"desktop":{"background-color":"var(--ast-global-color-5)","background-image":"","background-repeat":"repeat","background-position":"center center","background-size":"auto","background-attachment":"scroll","background-type":"","background-media":"","overlay-type":"","overlay-color":"","overlay-opacity":"","overlay-gradient":""},"tablet":{"background-color":"var(--ast-global-color-5)","background-image":"","background-repeat":"repeat","background-position":"center center","background-size":"auto","background-attachment":"scroll","background-type":"","background-media":"","overlay-type":"","overlay-color":"","overlay-opacity":"","overlay-gradient":""},"mobile":{"background-color":"var(--ast-global-color-5)","background-image":"","background-repeat":"repeat","background-position":"center center","background-size":"auto","background-attachment":"scroll","background-type":"","background-media":"","overlay-type":"","overlay-color":"","overlay-opacity":"","overlay-gradient":""}},"footnotes":""},"class_list":["post-159","page","type-page","status-publish","hentry"],"_links":{"self":[{"href":"https:\/\/casadelespanol.com\/es\/wp-json\/wp\/v2\/pages\/159","targetHints":{"allow":["GET"]}}],"collection":[{"href":"https:\/\/casadelespanol.com\/es\/wp-json\/wp\/v2\/pages"}],"about":[{"href":"https:\/\/casadelespanol.com\/es\/wp-json\/wp\/v2\/types\/page"}],"author":[{"embeddable":true,"href":"https:\/\/casadelespanol.com\/es\/wp-json\/wp\/v2\/users\/1"}],"replies":[{"embeddable":true,"href":"https:\/\/casadelespanol.com\/es\/wp-json\/wp\/v2\/comments?post=159"}],"version-history":[{"count":13,"href":"https:\/\/casadelespanol.com\/es\/wp-json\/wp\/v2\/pages\/159\/revisions"}],"predecessor-version":[{"id":2318,"href":"https:\/\/casadelespanol.com\/es\/wp-json\/wp\/v2\/pages\/159\/revisions\/2318"}],"wp:attachment":[{"href":"https:\/\/casadelespanol.com\/es\/wp-json\/wp\/v2\/media?parent=159"}],"curies":[{"name":"wp","href":"https:\/\/api.w.org\/{rel}","templated":true}]}}