{"id":2085,"date":"2023-03-16T16:38:14","date_gmt":"2023-03-16T15:38:14","guid":{"rendered":"https:\/\/casadelespanol.com\/privacy-policy-2\/"},"modified":"2024-03-20T10:48:47","modified_gmt":"2024-03-20T09:48:47","slug":"privacy-policy-2","status":"publish","type":"page","link":"https:\/\/casadelespanol.com\/en\/privacy-policy-2\/","title":{"rendered":"Privacy Policy"},"content":{"rendered":"\t\t<div data-elementor-type=\"wp-page\" data-elementor-id=\"2085\" class=\"elementor elementor-2085 elementor-166\" data-elementor-post-type=\"page\">\n\t\t\t\t\t\t<section class=\"elementor-section elementor-top-section elementor-element elementor-element-3f626f2 elementor-section-boxed elementor-section-height-default elementor-section-height-default\" data-id=\"3f626f2\" data-element_type=\"section\">\n\t\t\t\t\t\t<div class=\"elementor-container elementor-column-gap-default\">\n\t\t\t\t\t<div class=\"elementor-column elementor-col-100 elementor-top-column elementor-element elementor-element-f2d03c6\" data-id=\"f2d03c6\" data-element_type=\"column\">\n\t\t\t<div class=\"elementor-widget-wrap elementor-element-populated\">\n\t\t\t\t\t\t<div class=\"elementor-element elementor-element-c23ae58 elementor-widget elementor-widget-heading\" data-id=\"c23ae58\" data-element_type=\"widget\" data-widget_type=\"heading.default\">\n\t\t\t\t<div class=\"elementor-widget-container\">\n\t\t\t\t\t<h2 class=\"elementor-heading-title elementor-size-default\">Privacy Policy<\/h2>\t\t\t\t<\/div>\n\t\t\t\t<\/div>\n\t\t\t\t<div class=\"elementor-element elementor-element-9f9d7f5 elementor-widget elementor-widget-text-editor\" data-id=\"9f9d7f5\" data-element_type=\"widget\" data-widget_type=\"text-editor.default\">\n\t\t\t\t<div class=\"elementor-widget-container\">\n\t\t\t\t\t\t\t\t\t<p>In accordance with the provisions of the current regulations on Personal Data Protection, we inform you that your data will be incorporated into the processing system owned by LA CASA DEL ESPA\u00d1OL &#8211; CENTRO LING\u00dc\u00cdSTICO-CULTURAL with CIF B47618392. C\/L\u00f3pez G\u00f3mez 18, 2\u00ba. 47002, in order to provide the requested service and to invoice for the same. In compliance with current regulations LA CASA DEL ESPA\u00d1OL &#8211; CENTRO LING\u00dc\u00cdSTICO-CULTURAL will keep the data for the time strictly necessary to comply with the above mentioned precepts. LA CASA DEL ESPA\u00d1OL &#8211; CENTRO LING\u00dc\u00cdSTICO-CULTURAL will proceed to treat the data in a lawful, loyal, transparent, adequate, pertinent, limited, exact and updated way. In accordance with the rights conferred by current legislation on data protection, you may exercise your rights of access, rectification, limitation of processing, deletion, portability and opposition to the processing of your personal data, as well as the consent given for the processing thereof, by sending your request to the postal address indicated above or to the e-mail address info@casadelespanol.com. You may also contact the competent Control Authority to file any complaint you deem appropriate.<\/p>\n<p>Likewise, and in accordance with the provisions of Law 34\/2002, of July 11, 2002, on Information Society Services and Electronic Commerce, article 21, we also request your express consent to send you advertising for our courses or promotions that we consider may be of interest to you, by e-mail or any other equivalent means of electronic communication.<\/p>\n\t\t\t\t\t\t\t\t<\/div>\n\t\t\t\t<\/div>\n\t\t\t\t\t<\/div>\n\t\t<\/div>\n\t\t\t\t\t<\/div>\n\t\t<\/section>\n\t\t\t\t<\/div>\n\t\t","protected":false},"excerpt":{"rendered":"<p>Privacy Policy In accordance with the provisions of the current regulations on Personal Data Protection, we inform you that your data will be incorporated into the processing system owned by LA CASA DEL ESPA\u00d1OL &#8211; CENTRO LING\u00dc\u00cdSTICO-CULTURAL with CIF B47618392. C\/L\u00f3pez G\u00f3mez 18, 2\u00ba. 47002, in order to provide the requested service and to invoice [&hellip;]<\/p>\n","protected":false},"author":1,"featured_media":0,"parent":0,"menu_order":0,"comment_status":"closed","ping_status":"closed","template":"","meta":{"site-sidebar-layout":"no-sidebar","site-content-layout":"page-builder","ast-site-content-layout":"full-width-container","site-content-style":"unboxed","site-sidebar-style":"unboxed","ast-global-header-display":"","ast-banner-title-visibility":"","ast-main-header-display":"","ast-hfb-above-header-display":"","ast-hfb-below-header-display":"","ast-hfb-mobile-header-display":"","site-post-title":"disabled","ast-breadcrumbs-content":"","ast-featured-img":"disabled","footer-sml-layout":"","theme-transparent-header-meta":"","adv-header-id-meta":"","stick-header-meta":"","header-above-stick-meta":"","header-main-stick-meta":"","header-below-stick-meta":"","astra-migrate-meta-layouts":"default","ast-page-background-enabled":"default","ast-page-background-meta":{"desktop":{"background-color":"var(--ast-global-color-4)","background-image":"","background-repeat":"repeat","background-position":"center center","background-size":"auto","background-attachment":"scroll","background-type":"","background-media":"","overlay-type":"","overlay-color":"","overlay-opacity":"","overlay-gradient":""},"tablet":{"background-color":"","background-image":"","background-repeat":"repeat","background-position":"center center","background-size":"auto","background-attachment":"scroll","background-type":"","background-media":"","overlay-type":"","overlay-color":"","overlay-opacity":"","overlay-gradient":""},"mobile":{"background-color":"","background-image":"","background-repeat":"repeat","background-position":"center center","background-size":"auto","background-attachment":"scroll","background-type":"","background-media":"","overlay-type":"","overlay-color":"","overlay-opacity":"","overlay-gradient":""}},"ast-content-background-meta":{"desktop":{"background-color":"var(--ast-global-color-5)","background-image":"","background-repeat":"repeat","background-position":"center center","background-size":"auto","background-attachment":"scroll","background-type":"","background-media":"","overlay-type":"","overlay-color":"","overlay-opacity":"","overlay-gradient":""},"tablet":{"background-color":"var(--ast-global-color-5)","background-image":"","background-repeat":"repeat","background-position":"center center","background-size":"auto","background-attachment":"scroll","background-type":"","background-media":"","overlay-type":"","overlay-color":"","overlay-opacity":"","overlay-gradient":""},"mobile":{"background-color":"var(--ast-global-color-5)","background-image":"","background-repeat":"repeat","background-position":"center center","background-size":"auto","background-attachment":"scroll","background-type":"","background-media":"","overlay-type":"","overlay-color":"","overlay-opacity":"","overlay-gradient":""}},"footnotes":""},"class_list":["post-2085","page","type-page","status-publish","hentry"],"_links":{"self":[{"href":"https:\/\/casadelespanol.com\/en\/wp-json\/wp\/v2\/pages\/2085","targetHints":{"allow":["GET"]}}],"collection":[{"href":"https:\/\/casadelespanol.com\/en\/wp-json\/wp\/v2\/pages"}],"about":[{"href":"https:\/\/casadelespanol.com\/en\/wp-json\/wp\/v2\/types\/page"}],"author":[{"embeddable":true,"href":"https:\/\/casadelespanol.com\/en\/wp-json\/wp\/v2\/users\/1"}],"replies":[{"embeddable":true,"href":"https:\/\/casadelespanol.com\/en\/wp-json\/wp\/v2\/comments?post=2085"}],"version-history":[{"count":1,"href":"https:\/\/casadelespanol.com\/en\/wp-json\/wp\/v2\/pages\/2085\/revisions"}],"predecessor-version":[{"id":2086,"href":"https:\/\/casadelespanol.com\/en\/wp-json\/wp\/v2\/pages\/2085\/revisions\/2086"}],"wp:attachment":[{"href":"https:\/\/casadelespanol.com\/en\/wp-json\/wp\/v2\/media?parent=2085"}],"curies":[{"name":"wp","href":"https:\/\/api.w.org\/{rel}","templated":true}]}}